{"id":1311,"date":"2024-02-28T17:23:15","date_gmt":"2024-02-28T17:23:15","guid":{"rendered":"https:\/\/gigleer.com\/news\/"},"modified":"2024-03-05T16:31:33","modified_gmt":"2024-03-05T16:31:33","slug":"news","status":"publish","type":"page","link":"https:\/\/gigleer.com\/en\/news\/","title":{"rendered":"News"},"content":{"rendered":"\t\t<div data-elementor-type=\"wp-page\" data-elementor-id=\"1311\" class=\"elementor elementor-1311 elementor-989\" data-elementor-post-type=\"page\">\n\t\t\t\t\t\t<section class=\"elementor-section elementor-top-section elementor-element elementor-element-1c703be2 elementor-section-boxed elementor-section-height-default elementor-section-height-default\" data-id=\"1c703be2\" data-element_type=\"section\" id=\"xs_blog_with_meta_3\" data-settings=\"{&quot;background_background&quot;:&quot;classic&quot;,&quot;_ha_eqh_enable&quot;:false}\">\n\t\t\t\t\t\t<div class=\"elementor-container elementor-column-gap-default\">\n\t\t\t\t\t<div class=\"elementor-column elementor-col-100 elementor-top-column elementor-element elementor-element-49d47a20\" data-id=\"49d47a20\" data-element_type=\"column\">\n\t\t\t<div class=\"elementor-widget-wrap elementor-element-populated\">\n\t\t\t\t\t\t<div class=\"elementor-element elementor-element-32a4dc36 elementor-widget elementor-widget-elementskit-heading\" data-id=\"32a4dc36\" data-element_type=\"widget\" data-widget_type=\"elementskit-heading.default\">\n\t\t\t\t<div class=\"elementor-widget-container\">\n\t\t\t<div class=\"ekit-wid-con\" ><div class=\"ekit-heading elementskit-section-title-wraper center   ekit_heading_tablet-   ekit_heading_mobile-\"><h2 class=\"ekit-heading--title elementskit-section-title \">News<\/h2><\/div><\/div>\t\t<\/div>\n\t\t\t\t<\/div>\n\t\t\t\t<section data-ha-element-link=\"{&quot;url&quot;:&quot;https:\\\/\\\/gigleer.com\\\/nyheter\\\/&quot;,&quot;is_external&quot;:&quot;&quot;,&quot;nofollow&quot;:&quot;&quot;}\" style=\"cursor: pointer\" class=\"elementor-section elementor-inner-section elementor-element elementor-element-4bf7a6b5 elementor-section-boxed elementor-section-height-default elementor-section-height-default\" data-id=\"4bf7a6b5\" data-element_type=\"section\" data-settings=\"{&quot;_ha_eqh_enable&quot;:false}\">\n\t\t\t\t\t\t<div class=\"elementor-container elementor-column-gap-default\">\n\t\t\t\t\t<div class=\"elementor-column elementor-col-100 elementor-inner-column elementor-element elementor-element-5954bc25\" data-id=\"5954bc25\" data-element_type=\"column\">\n\t\t\t<div class=\"elementor-widget-wrap elementor-element-populated\">\n\t\t\t\t\t\t<div class=\"elementor-element elementor-element-66aa91d1 elementor-widget elementor-widget-elementskit-blog-posts\" data-id=\"66aa91d1\" data-element_type=\"widget\" data-widget_type=\"elementskit-blog-posts.default\">\n\t\t\t\t<div class=\"elementor-widget-container\">\n\t\t\t<div class=\"ekit-wid-con\" >\n        <div id=\"post-items--66aa91d1\" class=\"row post-items ekit-blog-posts-content wihout-masonry \" data-enable=\"no\">\n\n\t\t\t<!-- Blog Carousel markup render -->\n\t\t\t        <\/div>\n        \n        \n        <\/div>\t\t<\/div>\n\t\t\t\t<\/div>\n\t\t\t\t\t<\/div>\n\t\t<\/div>\n\t\t\t\t\t<\/div>\n\t\t<\/section>\n\t\t\t\t\t<\/div>\n\t\t<\/div>\n\t\t\t\t\t<\/div>\n\t\t<\/section>\n\t\t\t\t<\/div>\n\t\t","protected":false},"excerpt":{"rendered":"<p>News ACG Devs augusti 12, 2023 Ny samarbetspartner ACG tar vid i v\u00e5r utveckling. Vi ser behovet att Ny styrelseordf\u00f6rande juli 5, 2023 Olle Durelius v\u00e4ljs in som ordf\u00f6rande i Gigleer. 37 \u00e5rs erfarenhet fr\u00e5n 25 000 Arbetss\u00f6kande! juni 3, 2023 Ny logo april 29, 2023 Gigleer har nu insett att plattformen beh\u00f6ver byggas om [&hellip;] <\/p>\n","protected":false},"author":2,"featured_media":0,"parent":0,"menu_order":0,"comment_status":"closed","ping_status":"closed","template":"","meta":{"footnotes":""},"class_list":["post-1311","page","type-page","status-publish","hentry"],"yoast_head":"<!-- This site is optimized with the Yoast SEO plugin v23.4 - https:\/\/yoast.com\/wordpress\/plugins\/seo\/ -->\n<title>News - Gigleer<\/title>\n<meta name=\"robots\" content=\"index, follow, max-snippet:-1, max-image-preview:large, max-video-preview:-1\" \/>\n<link rel=\"canonical\" href=\"https:\/\/gigleer.com\/en\/news\/\" \/>\n<meta property=\"og:locale\" content=\"en_US\" \/>\n<meta property=\"og:type\" content=\"article\" \/>\n<meta property=\"og:title\" content=\"News - Gigleer\" \/>\n<meta property=\"og:description\" content=\"News ACG Devs augusti 12, 2023 Ny samarbetspartner ACG tar vid i v\u00e5r utveckling. Vi ser behovet att Ny styrelseordf\u00f6rande juli 5, 2023 Olle Durelius v\u00e4ljs in som ordf\u00f6rande i Gigleer. 37 \u00e5rs erfarenhet fr\u00e5n 25 000 Arbetss\u00f6kande! juni 3, 2023 Ny logo april 29, 2023 Gigleer har nu insett att plattformen beh\u00f6ver byggas om [&hellip;]\" \/>\n<meta property=\"og:url\" content=\"https:\/\/gigleer.com\/en\/news\/\" \/>\n<meta property=\"og:site_name\" content=\"Gigleer\" \/>\n<meta property=\"article:modified_time\" content=\"2024-03-05T16:31:33+00:00\" \/>\n<meta property=\"og:image\" content=\"https:\/\/gigleer.com\/wp-content\/uploads\/2024\/02\/ACG.jpg\" \/>\n<meta name=\"twitter:card\" content=\"summary_large_image\" \/>\n<meta name=\"twitter:label1\" content=\"Est. reading time\" \/>\n\t<meta name=\"twitter:data1\" content=\"1 minute\" \/>\n<script type=\"application\/ld+json\" class=\"yoast-schema-graph\">{\"@context\":\"https:\/\/schema.org\",\"@graph\":[{\"@type\":\"WebPage\",\"@id\":\"https:\/\/gigleer.com\/en\/news\/\",\"url\":\"https:\/\/gigleer.com\/en\/news\/\",\"name\":\"News - Gigleer\",\"isPartOf\":{\"@id\":\"https:\/\/gigleer.com\/en\/#website\"},\"primaryImageOfPage\":{\"@id\":\"https:\/\/gigleer.com\/en\/news\/#primaryimage\"},\"image\":{\"@id\":\"https:\/\/gigleer.com\/en\/news\/#primaryimage\"},\"thumbnailUrl\":\"https:\/\/gigleer.com\/wp-content\/uploads\/2024\/02\/ACG.jpg\",\"datePublished\":\"2024-02-28T17:23:15+00:00\",\"dateModified\":\"2024-03-05T16:31:33+00:00\",\"breadcrumb\":{\"@id\":\"https:\/\/gigleer.com\/en\/news\/#breadcrumb\"},\"inLanguage\":\"en-US\",\"potentialAction\":[{\"@type\":\"ReadAction\",\"target\":[\"https:\/\/gigleer.com\/en\/news\/\"]}]},{\"@type\":\"ImageObject\",\"inLanguage\":\"en-US\",\"@id\":\"https:\/\/gigleer.com\/en\/news\/#primaryimage\",\"url\":\"https:\/\/gigleer.com\/wp-content\/uploads\/2024\/02\/ACG.jpg\",\"contentUrl\":\"https:\/\/gigleer.com\/wp-content\/uploads\/2024\/02\/ACG.jpg\"},{\"@type\":\"BreadcrumbList\",\"@id\":\"https:\/\/gigleer.com\/en\/news\/#breadcrumb\",\"itemListElement\":[{\"@type\":\"ListItem\",\"position\":1,\"name\":\"Hem\",\"item\":\"https:\/\/gigleer.com\/en\/home\/\"},{\"@type\":\"ListItem\",\"position\":2,\"name\":\"News\"}]},{\"@type\":\"WebSite\",\"@id\":\"https:\/\/gigleer.com\/en\/#website\",\"url\":\"https:\/\/gigleer.com\/en\/\",\"name\":\"Gigleer\",\"description\":\"\",\"publisher\":{\"@id\":\"https:\/\/gigleer.com\/en\/#organization\"},\"potentialAction\":[{\"@type\":\"SearchAction\",\"target\":{\"@type\":\"EntryPoint\",\"urlTemplate\":\"https:\/\/gigleer.com\/en\/?s={search_term_string}\"},\"query-input\":{\"@type\":\"PropertyValueSpecification\",\"valueRequired\":true,\"valueName\":\"search_term_string\"}}],\"inLanguage\":\"en-US\"},{\"@type\":\"Organization\",\"@id\":\"https:\/\/gigleer.com\/en\/#organization\",\"name\":\"Gigleer\",\"url\":\"https:\/\/gigleer.com\/en\/\",\"logo\":{\"@type\":\"ImageObject\",\"inLanguage\":\"en-US\",\"@id\":\"https:\/\/gigleer.com\/en\/#\/schema\/logo\/image\/\",\"url\":\"https:\/\/gigleer.com\/wp-content\/uploads\/2024\/02\/Vit-Gigleer-1.png\",\"contentUrl\":\"https:\/\/gigleer.com\/wp-content\/uploads\/2024\/02\/Vit-Gigleer-1.png\",\"width\":2656,\"height\":812,\"caption\":\"Gigleer\"},\"image\":{\"@id\":\"https:\/\/gigleer.com\/en\/#\/schema\/logo\/image\/\"}}]}<\/script>\n<!-- \/ Yoast SEO plugin. -->","yoast_head_json":{"title":"News - Gigleer","robots":{"index":"index","follow":"follow","max-snippet":"max-snippet:-1","max-image-preview":"max-image-preview:large","max-video-preview":"max-video-preview:-1"},"canonical":"https:\/\/gigleer.com\/en\/news\/","og_locale":"en_US","og_type":"article","og_title":"News - Gigleer","og_description":"News ACG Devs augusti 12, 2023 Ny samarbetspartner ACG tar vid i v\u00e5r utveckling. Vi ser behovet att Ny styrelseordf\u00f6rande juli 5, 2023 Olle Durelius v\u00e4ljs in som ordf\u00f6rande i Gigleer. 37 \u00e5rs erfarenhet fr\u00e5n 25 000 Arbetss\u00f6kande! juni 3, 2023 Ny logo april 29, 2023 Gigleer har nu insett att plattformen beh\u00f6ver byggas om [&hellip;]","og_url":"https:\/\/gigleer.com\/en\/news\/","og_site_name":"Gigleer","article_modified_time":"2024-03-05T16:31:33+00:00","og_image":[{"url":"https:\/\/gigleer.com\/wp-content\/uploads\/2024\/02\/ACG.jpg"}],"twitter_card":"summary_large_image","twitter_misc":{"Est. reading time":"1 minute"},"schema":{"@context":"https:\/\/schema.org","@graph":[{"@type":"WebPage","@id":"https:\/\/gigleer.com\/en\/news\/","url":"https:\/\/gigleer.com\/en\/news\/","name":"News - Gigleer","isPartOf":{"@id":"https:\/\/gigleer.com\/en\/#website"},"primaryImageOfPage":{"@id":"https:\/\/gigleer.com\/en\/news\/#primaryimage"},"image":{"@id":"https:\/\/gigleer.com\/en\/news\/#primaryimage"},"thumbnailUrl":"https:\/\/gigleer.com\/wp-content\/uploads\/2024\/02\/ACG.jpg","datePublished":"2024-02-28T17:23:15+00:00","dateModified":"2024-03-05T16:31:33+00:00","breadcrumb":{"@id":"https:\/\/gigleer.com\/en\/news\/#breadcrumb"},"inLanguage":"en-US","potentialAction":[{"@type":"ReadAction","target":["https:\/\/gigleer.com\/en\/news\/"]}]},{"@type":"ImageObject","inLanguage":"en-US","@id":"https:\/\/gigleer.com\/en\/news\/#primaryimage","url":"https:\/\/gigleer.com\/wp-content\/uploads\/2024\/02\/ACG.jpg","contentUrl":"https:\/\/gigleer.com\/wp-content\/uploads\/2024\/02\/ACG.jpg"},{"@type":"BreadcrumbList","@id":"https:\/\/gigleer.com\/en\/news\/#breadcrumb","itemListElement":[{"@type":"ListItem","position":1,"name":"Hem","item":"https:\/\/gigleer.com\/en\/home\/"},{"@type":"ListItem","position":2,"name":"News"}]},{"@type":"WebSite","@id":"https:\/\/gigleer.com\/en\/#website","url":"https:\/\/gigleer.com\/en\/","name":"Gigleer","description":"","publisher":{"@id":"https:\/\/gigleer.com\/en\/#organization"},"potentialAction":[{"@type":"SearchAction","target":{"@type":"EntryPoint","urlTemplate":"https:\/\/gigleer.com\/en\/?s={search_term_string}"},"query-input":{"@type":"PropertyValueSpecification","valueRequired":true,"valueName":"search_term_string"}}],"inLanguage":"en-US"},{"@type":"Organization","@id":"https:\/\/gigleer.com\/en\/#organization","name":"Gigleer","url":"https:\/\/gigleer.com\/en\/","logo":{"@type":"ImageObject","inLanguage":"en-US","@id":"https:\/\/gigleer.com\/en\/#\/schema\/logo\/image\/","url":"https:\/\/gigleer.com\/wp-content\/uploads\/2024\/02\/Vit-Gigleer-1.png","contentUrl":"https:\/\/gigleer.com\/wp-content\/uploads\/2024\/02\/Vit-Gigleer-1.png","width":2656,"height":812,"caption":"Gigleer"},"image":{"@id":"https:\/\/gigleer.com\/en\/#\/schema\/logo\/image\/"}}]}},"_links":{"self":[{"href":"https:\/\/gigleer.com\/en\/wp-json\/wp\/v2\/pages\/1311","targetHints":{"allow":["GET"]}}],"collection":[{"href":"https:\/\/gigleer.com\/en\/wp-json\/wp\/v2\/pages"}],"about":[{"href":"https:\/\/gigleer.com\/en\/wp-json\/wp\/v2\/types\/page"}],"author":[{"embeddable":true,"href":"https:\/\/gigleer.com\/en\/wp-json\/wp\/v2\/users\/2"}],"replies":[{"embeddable":true,"href":"https:\/\/gigleer.com\/en\/wp-json\/wp\/v2\/comments?post=1311"}],"version-history":[{"count":3,"href":"https:\/\/gigleer.com\/en\/wp-json\/wp\/v2\/pages\/1311\/revisions"}],"predecessor-version":[{"id":1314,"href":"https:\/\/gigleer.com\/en\/wp-json\/wp\/v2\/pages\/1311\/revisions\/1314"}],"wp:attachment":[{"href":"https:\/\/gigleer.com\/en\/wp-json\/wp\/v2\/media?parent=1311"}],"curies":[{"name":"wp","href":"https:\/\/api.w.org\/{rel}","templated":true}]}}